{"id":3,"date":"2023-09-21T02:03:24","date_gmt":"2023-09-21T02:03:24","guid":{"rendered":"https:\/\/demo.bravisthemes.com\/sasnio\/?page_id=3"},"modified":"2024-11-28T15:40:57","modified_gmt":"2024-11-28T14:40:57","slug":"polityka-prywatnosci","status":"publish","type":"page","link":"https:\/\/sm32.pl\/en\/polityka-prywatnosci\/","title":{"rendered":"Polityka Prywatno\u015bci"},"content":{"rendered":"<div data-elementor-type=\"wp-page\" data-elementor-id=\"3\" class=\"elementor elementor-3\" data-elementor-post-type=\"page\">\n\t\t\t\t        <section class=\"elementor-section elementor-top-section elementor-element elementor-element-d603612 elementor-section-stretched elementor-section-full_width elementor-section-height-min-height elementor-hidden-tablet_extra elementor-hidden-tablet elementor-hidden-mobile_extra elementor-hidden-mobile elementor-section-height-default elementor-section-items-middle pxl-row-scroll-none pxl-full-content-with-space-none pxl-bg-color-none pxl-section-overlay-none\" data-id=\"d603612\" data-element_type=\"section\" data-settings=\"{&quot;stretch_section&quot;:&quot;section-stretched&quot;,&quot;background_background&quot;:&quot;classic&quot;}\">\n\n                \n                <div class=\"elementor-container elementor-column-gap-extended\">\n                <div class=\"elementor-column elementor-col-100 elementor-top-column elementor-element elementor-element-6b91613 pxl-column-none\" data-id=\"6b91613\" data-element_type=\"column\">\r\n        <div class=\"elementor-widget-wrap elementor-element-populated\">\r\n                     \r\n        \t\t<div class=\"elementor-element elementor-element-62f947b elementor-widget__width-auto elementor-absolute elementor-hidden-mobile_extra elementor-hidden-mobile elementor-hidden-tablet_extra elementor-hidden-tablet elementor-widget elementor-widget-pxl_image\" data-id=\"62f947b\" data-element_type=\"widget\" data-settings=\"{&quot;_position&quot;:&quot;absolute&quot;}\" data-widget_type=\"pxl_image.default\">\n\t\t\t\t<div class=\"elementor-widget-container\">\n\t\t\t\t\t<div id=\"pxl_image-62f947b-2834\" class=\"pxl-image-single slide-top-to-bottom style-default\" data-wow-delay=\"ms\" >\r\n    <div class=\"pxl-item--inner\" data-wow-delay=\"120ms\">\r\n        \r\n                                <div class=\"pxl-item--image\" data-parallax-value=\"\">\r\n                                                    <img decoding=\"async\" width=\"96\" height=\"275\" src=\"https:\/\/sm32.pl\/wp-content\/uploads\/2023\/09\/shape2.png\" class=\"no-lazyload attachment-full\" alt=\"sm32 studio\" \/>                                            <\/div>\r\n                            \r\n            <\/div>\r\n<\/div>\t\t\t\t<\/div>\n\t\t\t\t<\/div>\n\t\t            <\/div>\r\n        <\/div>\r\n        \t\t\t<\/div>\n\t\t<\/section>\n\t\t        <section class=\"elementor-section elementor-top-section elementor-element elementor-element-33780624 elementor-section-boxed elementor-section-height-default elementor-section-height-default pxl-row-scroll-none pxl-bg-color-none pxl-section-overlay-none\" data-id=\"33780624\" data-element_type=\"section\">\n\n                \n                <div class=\"elementor-container elementor-column-gap-default\">\n                <div class=\"elementor-column elementor-col-100 elementor-top-column elementor-element elementor-element-ffccdfd pxl-column-none\" data-id=\"ffccdfd\" data-element_type=\"column\">\r\n        <div class=\"elementor-widget-wrap elementor-element-populated\">\r\n                     \r\n        \t\t<div class=\"elementor-element elementor-element-5b5d0aad elementor-widget elementor-widget-text-editor\" data-id=\"5b5d0aad\" data-element_type=\"widget\" data-widget_type=\"text-editor.default\">\n\t\t\t\t<div class=\"elementor-widget-container\">\n\t\t\t\t\t\t\t\t\t\n<h2 class=\"wp-block-heading\"><strong>RODO \u2013 Obowi\u0105zek Informacyjny<\/strong><\/h2>\n\n\n\n<h3 class=\"wp-block-heading\">Obowi\u0105zek informacyjny w zakresie przetwarzania danych osobowych<\/h3>\n\n\n\n<p><strong>Kto jest administratorem danych osobowych?<\/strong><br>Administratorem danych osobowych, zgodnie z rozporz\u0105dzeniem Parlamentu Europejskiego i Rady (UE) 2016\/679 z dnia 27 kwietnia 2016 r. w sprawie ochrony os\u00f3b fizycznych w zwi\u0105zku z przetwarzaniem danych osobowych oraz swobodnego przep\u0142ywu takich danych (dalej: \u201eRODO\u201d), jest <strong>sm32 STUDIO<\/strong> z siedzib\u0105 przy ul. Jana III Sobieskiego 7, 34-300 \u017bywiec (dalej r\u00f3wnie\u017c jako \u201eADO\u201d lub \u201eAdministrator\u201d).<\/p>\n\n\n\n<p><strong>Kontakt z administratorem<\/strong><br><strong>ADO<\/strong>:<br>sm32 STUDIO<br>ul. Jana III Sobieskiego 7<br>34-300 \u017bywiec<br>tel.\/fax: 728 928 002<\/p>\n\n\n\n<h3 class=\"wp-block-heading\">Jaki rodzaj Pana\/Pani danych osobowych przetwarzamy?<\/h3>\n\n\n\n<p>ADO przetwarza dane wskazane w zam\u00f3wieniu lub umowie, tj.: imi\u0119 i nazwisko\/nazw\u0119 firmy, adres kontrahenta, adres dostarczenia towaru, numer NIP oraz dane kontaktowe, takie jak numer telefonu i adres e-mail.<\/p>\n\n\n\n<h3 class=\"wp-block-heading\">Jaki jest cel przetwarzania Pana\/Pani danych osobowych?<\/h3>\n\n\n\n<p>ADO przetwarza Pana\/Pani dane osobowe w celu:<\/p>\n\n\n\n<ul class=\"wp-block-list\">\n<li>realizacji us\u0142ug obj\u0119tych umow\u0105\/zam\u00f3wieniem, w tym ewentualnego dochodzenia roszcze\u0144,<\/li>\n\n\n\n<li>wystawiania faktur i przyjmowania p\u0142atno\u015bci,<\/li>\n\n\n\n<li>wysy\u0142ania informacji marketingowych, PR oraz handlowych (za zgod\u0105),<\/li>\n\n\n\n<li>kontaktu telefonicznego w celu weryfikacji zam\u00f3wie\u0144.<\/li>\n<\/ul>\n\n\n\n<p>ADO nie przekazuje danych osobowych do pa\u0144stw spoza Europejskiego Obszaru Gospodarczego.<\/p>\n\n\n\n<h3 class=\"wp-block-heading\">Kto mo\u017ce zapozna\u0107 si\u0119 z Pana\/Pani danymi osobowymi?<\/h3>\n\n\n\n<p>Dost\u0119p do danych b\u0119d\u0105 mia\u0142y osoby wsp\u00f3\u0142pracuj\u0105ce z ADO, kt\u00f3rym Administrator powierzy wykonanie us\u0142ug obj\u0119tych umow\u0105. Na podstawie odpowiednich um\u00f3w dane mog\u0105 by\u0107 tak\u017ce przekazane podmiotom wsp\u00f3\u0142pracuj\u0105cym z ADO w zakresie realizacji \u015bwiadcze\u0144 wynikaj\u0105cych z umowy. Przekazywanie danych odbywa si\u0119 wy\u0142\u0105cznie w okre\u015blonych celach.<\/p>\n\n\n\n<h3 class=\"wp-block-heading\">Przez jaki czas przetwarzamy Pana\/Pani dane osobowe?<\/h3>\n\n\n\n<p>Dane s\u0105 przechowywane przez okres \u015bwiadczenia us\u0142ugi (umowy), a po jej zako\u0144czeniu przez czas okre\u015blony przepisami prawa.<\/p>\n\n\n\n<h3 class=\"wp-block-heading\">W jaki spos\u00f3b chronimy Pana\/Pani dane osobowe?<\/h3>\n\n\n\n<p>ADO zapewnia odpowiednie \u015brodki techniczne i organizacyjne w celu ochrony danych osobowych przed ich wyjawieniem. Wprowadzone zosta\u0142y odpowiednie procedury, dokumentacja oraz zabezpieczenia system\u00f3w teleinformatycznych.<\/p>\n\n\n\n<h3 class=\"wp-block-heading\">Jakie ma Pan\/Pani uprawnienia w zwi\u0105zku z przetwarzaniem danych osobowych?<\/h3>\n\n\n\n<p>Osoby, kt\u00f3rych dane przetwarza ADO, maj\u0105 prawo do:<\/p>\n\n\n\n<ul class=\"wp-block-list\">\n<li>dost\u0119pu do swoich danych,<\/li>\n\n\n\n<li>ich sprostowania, usuni\u0119cia lub ograniczenia przetwarzania,<\/li>\n\n\n\n<li>wniesienia sprzeciwu wobec przetwarzania,<\/li>\n\n\n\n<li>przenoszenia danych,<\/li>\n\n\n\n<li>cofni\u0119cia zgody oraz wniesienia skargi do organu nadzorczego.<\/li>\n<\/ul>\n\n\n\n<h3 class=\"wp-block-heading\">Czy musi Pan\/Pani poda\u0107 swoje dane osobowe?<\/h3>\n\n\n\n<p>Podanie danych osobowych jest dobrowolne, ale mo\u017ce by\u0107 niezb\u0119dne do zawarcia i realizacji um\u00f3w handlowych.<\/p>\n\n\n\n<p><strong>Informacje dodatkowe<\/strong><br>ADO nie przekazuje danych osobowych do pa\u0144stw spoza Europejskiego Obszaru Gospodarczego.<\/p>\n\n\n\n<p><\/p>\n\t\t\t\t\t\t\t\t<\/div>\n\t\t\t\t<\/div>\n\t\t            <\/div>\r\n        <\/div>\r\n        \t\t\t<\/div>\n\t\t<\/section>\n\t\t\t\t<\/div>","protected":false},"excerpt":{"rendered":"<p>RODO \u2013 Obowi\u0105zek Informacyjny Obowi\u0105zek informacyjny w zakresie przetwarzania danych osobowych Kto jest administratorem danych osobowych?Administratorem danych osobowych, zgodnie z rozporz\u0105dzeniem Parlamentu Europejskiego i Rady (UE) 2016\/679 z dnia 27 kwietnia 2016 r. w sprawie ochrony os\u00f3b fizycznych w zwi\u0105zku z przetwarzaniem danych osobowych oraz swobodnego przep\u0142ywu takich danych (dalej: \u201eRODO\u201d), jest sm32 STUDIO z [&hellip;]<\/p>","protected":false},"author":1,"featured_media":0,"parent":0,"menu_order":0,"comment_status":"closed","ping_status":"open","template":"","meta":{"footnotes":""},"class_list":["post-3","page","type-page","status-publish","hentry"],"_links":{"self":[{"href":"https:\/\/sm32.pl\/en\/wp-json\/wp\/v2\/pages\/3","targetHints":{"allow":["GET"]}}],"collection":[{"href":"https:\/\/sm32.pl\/en\/wp-json\/wp\/v2\/pages"}],"about":[{"href":"https:\/\/sm32.pl\/en\/wp-json\/wp\/v2\/types\/page"}],"author":[{"embeddable":true,"href":"https:\/\/sm32.pl\/en\/wp-json\/wp\/v2\/users\/1"}],"replies":[{"embeddable":true,"href":"https:\/\/sm32.pl\/en\/wp-json\/wp\/v2\/comments?post=3"}],"version-history":[{"count":7,"href":"https:\/\/sm32.pl\/en\/wp-json\/wp\/v2\/pages\/3\/revisions"}],"predecessor-version":[{"id":7134,"href":"https:\/\/sm32.pl\/en\/wp-json\/wp\/v2\/pages\/3\/revisions\/7134"}],"wp:attachment":[{"href":"https:\/\/sm32.pl\/en\/wp-json\/wp\/v2\/media?parent=3"}],"curies":[{"name":"wp","href":"https:\/\/api.w.org\/{rel}","templated":true}]}}