{"id":40,"date":"2023-09-21T08:01:41","date_gmt":"2023-09-21T08:01:41","guid":{"rendered":"https:\/\/demo.bravisthemes.com\/sasnio\/?page_id=40"},"modified":"2025-05-08T09:52:50","modified_gmt":"2025-05-08T07:52:50","slug":"kontakt","status":"publish","type":"page","link":"https:\/\/sm32.pl\/en\/kontakt\/","title":{"rendered":"Contact"},"content":{"rendered":"<div data-elementor-type=\"wp-page\" data-elementor-id=\"40\" class=\"elementor elementor-40\" data-elementor-post-type=\"page\">\n\t\t\t\t        <section class=\"elementor-section elementor-top-section elementor-element elementor-element-73dedaf elementor-section-stretched elementor-section-full_width elementor-section-height-default elementor-section-height-default pxl-row-scroll-none pxl-full-content-with-space-none pxl-bg-color-none pxl-section-overlay-none\" data-id=\"73dedaf\" data-element_type=\"section\" data-settings=\"{&quot;stretch_section&quot;:&quot;section-stretched&quot;,&quot;background_background&quot;:&quot;classic&quot;}\">\n\n                \n                <div class=\"elementor-container elementor-column-gap-extended\">\n                <div class=\"elementor-column elementor-col-100 elementor-top-column elementor-element elementor-element-529b65f pxl-column-none\" data-id=\"529b65f\" data-element_type=\"column\">\r\n        <div class=\"elementor-widget-wrap elementor-element-populated\">\r\n                     \r\n        \t\t<div class=\"elementor-element elementor-element-e1909f8 elementor-widget__width-auto elementor-absolute elementor-hidden-mobile_extra elementor-hidden-mobile elementor-widget elementor-widget-pxl_image\" data-id=\"e1909f8\" data-element_type=\"widget\" data-settings=\"{&quot;_position&quot;:&quot;absolute&quot;}\" data-widget_type=\"pxl_image.default\">\n\t\t\t\t<div class=\"elementor-widget-container\">\n\t\t\t\t\t<div id=\"pxl_image-e1909f8-7415\" class=\"pxl-image-single slide-top-to-bottom style-default\" data-wow-delay=\"ms\" >\r\n    <div class=\"pxl-item--inner\" data-wow-delay=\"120ms\">\r\n        \r\n                                <div class=\"pxl-item--image\" data-parallax-value=\"\">\r\n                                                    <img decoding=\"async\" width=\"96\" height=\"275\" src=\"https:\/\/sm32.pl\/wp-content\/uploads\/2023\/09\/shape2.png\" class=\"no-lazyload attachment-full\" alt=\"sm32 studio\" \/>                                            <\/div>\r\n                            \r\n            <\/div>\r\n<\/div>\t\t\t\t<\/div>\n\t\t\t\t<\/div>\n\t\t        <section class=\"elementor-section elementor-inner-section elementor-element elementor-element-a883e03 elementor-section-boxed elementor-section-height-default elementor-section-height-default pxl-row-scroll-none pxl-bg-color-none pxl-section-overlay-none\" data-id=\"a883e03\" data-element_type=\"section\">\n\n                \n                <div class=\"elementor-container elementor-column-gap-extended\">\n                <div class=\"elementor-column elementor-col-50 elementor-inner-column elementor-element elementor-element-827c119 pxl-column-none\" data-id=\"827c119\" data-element_type=\"column\">\r\n        <div class=\"elementor-widget-wrap elementor-element-populated\">\r\n                     \r\n        \t\t<div class=\"elementor-element elementor-element-2521501 elementor-widget elementor-widget-pxl_heading\" data-id=\"2521501\" data-element_type=\"widget\" data-widget_type=\"pxl_heading.default\">\n\t\t\t\t<div class=\"elementor-widget-container\">\n\t\t\t\t\t<div id=\"pxl-pxl_heading-2521501-7019\" class=\"pxl-heading px-page-title-style\">\n\t<div class=\"pxl-heading--inner\">\n\t\t\n\t\t\n\t\t<h1 class=\"pxl-item--title\" data-wow-delay=\"ms\">\n\t\t\tContact\t\t\n\t\t<\/h1>\n\n\t\t\n\t\t\n\t\t\t\t\n\t<\/div>\n<\/div>\t\t\t\t<\/div>\n\t\t\t\t<\/div>\n\t\t\t\t<div class=\"elementor-element elementor-element-54dbcde elementor-widget elementor-widget-pxl_text_editor\" data-id=\"54dbcde\" data-element_type=\"widget\" data-widget_type=\"pxl_text_editor.default\">\n\t\t\t\t<div class=\"elementor-widget-container\">\n\t\t\t\t\t<div class=\"pxl-text-editor\">\n\t<div class=\"pxl-item--inner\" data-wow-delay=\"ms\">\n\t\t\t\t\n\t<\/div>\n<\/div>\t\t\t\t<\/div>\n\t\t\t\t<\/div>\n\t\t            <\/div>\r\n        <\/div>\r\n                <div class=\"elementor-column elementor-col-50 elementor-inner-column elementor-element elementor-element-a92d33b pxl-column-none\" data-id=\"a92d33b\" data-element_type=\"column\">\r\n        <div class=\"elementor-widget-wrap elementor-element-populated\">\r\n                     \r\n        \t\t<div class=\"elementor-element elementor-element-c4614e7 elementor-widget__width-auto elementor-absolute elementor-hidden-mobile_extra elementor-hidden-mobile elementor-widget elementor-widget-pxl_image\" data-id=\"c4614e7\" data-element_type=\"widget\" data-settings=\"{&quot;_position&quot;:&quot;absolute&quot;}\" data-widget_type=\"pxl_image.default\">\n\t\t\t\t<div class=\"elementor-widget-container\">\n\t\t\t\t\t<div id=\"pxl_image-c4614e7-9254\" class=\"pxl-image-single pxl-image-parallax style-default wow zoomOut\" data-wow-delay=\"ms\" >\r\n    <div class=\"pxl-item--inner\" data-wow-delay=\"120ms\">\r\n        \r\n                                <div class=\"pxl-item--image\" data-parallax-value=\"20\">\r\n                                                    <img decoding=\"async\" width=\"90\" height=\"90\" src=\"https:\/\/sm32.pl\/wp-content\/uploads\/2023\/09\/img-shape2.png\" class=\"no-lazyload attachment-full\" alt=\"sm32 studio\" \/>                                            <\/div>\r\n                            \r\n            <\/div>\r\n<\/div>\t\t\t\t<\/div>\n\t\t\t\t<\/div>\n\t\t\t\t<div class=\"elementor-element elementor-element-bdf7efa elementor-hidden-mobile elementor-widget__width-auto elementor-widget elementor-widget-pxl_banner\" data-id=\"bdf7efa\" data-element_type=\"widget\" data-widget_type=\"pxl_banner.default\">\n\t\t\t\t<div class=\"elementor-widget-container\">\n\t\t\t\t\t<div class=\"pxl-banner pxl-banner1\">\r\n\t<div class=\"pxl-box-inner\" data-wow-delay=\"ms\">\r\n\t\t\t\t\t<div class=\"pxl-item--imgprimary\">\r\n\t\t\t\t<img fetchpriority=\"high\" decoding=\"async\" class=\"\" src=\"https:\/\/sm32.pl\/wp-content\/uploads\/2024\/11\/contact2-600x470.webp\" width=\"600\" height=\"470\" alt=\"contact2\" title=\"contact2\" \/>\t\t\t<\/div>\r\n\t\t\t<\/div>\r\n<\/div>\t\t\t\t<\/div>\n\t\t\t\t<\/div>\n\t\t            <\/div>\r\n        <\/div>\r\n        \t\t\t<\/div>\n\t\t<\/section>\n\t\t            <\/div>\r\n        <\/div>\r\n        \t\t\t<\/div>\n\t\t<\/section>\n\t\t        <section class=\"elementor-section elementor-top-section elementor-element elementor-element-355f336 elementor-section-boxed elementor-section-height-default elementor-section-height-default pxl-row-scroll-none pxl-bg-color-none pxl-section-overlay-none\" data-id=\"355f336\" data-element_type=\"section\" data-settings=\"{&quot;background_background&quot;:&quot;classic&quot;}\">\n\n                \n                <div class=\"elementor-container elementor-column-gap-default\">\n                <div class=\"elementor-column elementor-col-50 elementor-top-column elementor-element elementor-element-97d568e pxl-column-none\" data-id=\"97d568e\" data-element_type=\"column\">\r\n        <div class=\"elementor-widget-wrap elementor-element-populated\">\r\n                     \r\n        \t\t<div class=\"elementor-element elementor-element-3d1eaf0 elementor-widget elementor-widget-pxl_heading\" data-id=\"3d1eaf0\" data-element_type=\"widget\" data-widget_type=\"pxl_heading.default\">\n\t\t\t\t<div class=\"elementor-widget-container\">\n\t\t\t\t\t<div id=\"pxl-pxl_heading-3d1eaf0-2579\" class=\"pxl-heading px-sub-title-default-style\">\n\t<div class=\"pxl-heading--inner\">\n\t\t\n\t\t\t\t\t<div class=\"pxl-item--subtitle px-sub-title-default\" data-wow-delay=\"ms\">\n\t\t\t\t<span class=\"pxl-item--subtext\">\n\t\t\t\t\tHave an Idea?\t\t\t\t<\/span>\n\t\t\t<\/div>\n\t\t\n\t\t<h2 class=\"pxl-item--title\" data-wow-delay=\"ms\">\n\t\t\tTake advantage of a free consultation!\t\t\n\t\t<\/h2>\n\n\t\t\n\t\t\n\t\t\t\t\n\t<\/div>\n<\/div>\t\t\t\t<\/div>\n\t\t\t\t<\/div>\n\t\t\t\t<div class=\"elementor-element elementor-element-3323533 elementor-widget elementor-widget-pxl_text_editor\" data-id=\"3323533\" data-element_type=\"widget\" data-widget_type=\"pxl_text_editor.default\">\n\t\t\t\t<div class=\"elementor-widget-container\">\n\t\t\t\t\t<div class=\"pxl-text-editor\">\n\t<div class=\"pxl-item--inner\" data-wow-delay=\"ms\">\n\t\t<p>Social Media<\/p>\t\t\n\t<\/div>\n<\/div>\t\t\t\t<\/div>\n\t\t\t\t<\/div>\n\t\t\t\t<div class=\"elementor-element elementor-element-ab3ee74 elementor-widget elementor-widget-pxl_icon\" data-id=\"ab3ee74\" data-element_type=\"widget\" data-widget_type=\"pxl_icon.default\">\n\t\t\t\t<div class=\"elementor-widget-container\">\n\t\t\t\t\t    <div class=\"pxl-icon-list pxl-icon1 style-box2\" data-wow-delay=\"ms\">\r\n                                    <a class=\"elementor-repeater-item-fac7b76\" href=\"https:\/\/www.facebook.com\/sm32studio\/?locale=pl_PL\" target=\"_blank\">\r\n                    <i aria-hidden=\"true\" class=\"fab fa-facebook\"><\/i>                <\/a>\r\n                                                <a class=\"elementor-repeater-item-6ea340a\" href=\"https:\/\/www.linkedin.com\/company\/sm33studio\/\" target=\"_blank\">\r\n                    <i aria-hidden=\"true\" class=\"fab fa-linkedin\"><\/i>                <\/a>\r\n                                                <a class=\"elementor-repeater-item-7022b5d\" href=\"https:\/\/www.instagram.com\/sm32studio\/\" target=\"_blank\">\r\n                    <i aria-hidden=\"true\" class=\"fab fa-instagram\"><\/i>                <\/a>\r\n                        <\/div>\r\n\t\t\t\t<\/div>\n\t\t\t\t<\/div>\n\t\t\t\t<div class=\"elementor-element elementor-element-46bad5d elementor-widget__width-initial elementor-widget elementor-widget-text-editor\" data-id=\"46bad5d\" data-element_type=\"widget\" data-widget_type=\"text-editor.default\">\n\t\t\t\t<div class=\"elementor-widget-container\">\n\t\t\t\t\t\t\t\t\t<div tabindex=\"-1\" role=\"article\" data-list-item-id=\"chat-messages___chat-messages-1298630420539113502-1301151553641513010\" aria-setsize=\"-1\" aria-roledescription=\"Message\" aria-labelledby=\"message-username-1301151460381294684 uid_1 message-content-1301151553641513010 uid_2 message-timestamp-1301151553641513010\"><div><div><p>We encourage you to share information about your company, your project idea, and the solutions you need.<\/p><p>Tell us about your vision and goals, and we will be happy to assist you in achieving them. Fill out the form below, and our team will contact you as soon as possible!<\/p><\/div><\/div><\/div>\t\t\t\t\t\t\t\t<\/div>\n\t\t\t\t<\/div>\n\t\t            <\/div>\r\n        <\/div>\r\n                <div class=\"elementor-column elementor-col-50 elementor-top-column elementor-element elementor-element-330d650 pxl-column-none\" data-id=\"330d650\" data-element_type=\"column\">\r\n        <div class=\"elementor-widget-wrap elementor-element-populated\">\r\n                     \r\n        \t\t<div class=\"elementor-element elementor-element-0002c02 elementor-button-align-center elementor-widget elementor-widget-form\" data-id=\"0002c02\" data-element_type=\"widget\" data-settings=\"{&quot;step_next_label&quot;:&quot;Next&quot;,&quot;step_previous_label&quot;:&quot;Previous&quot;,&quot;button_width&quot;:&quot;100&quot;,&quot;step_type&quot;:&quot;number_text&quot;,&quot;step_icon_shape&quot;:&quot;circle&quot;}\" data-widget_type=\"form.default\">\n\t\t\t\t<div class=\"elementor-widget-container\">\n\t\t\t\t\t\t\t<form class=\"elementor-form\" method=\"post\" name=\"Kontakt\" aria-label=\"Contact\" action=\"\">\n\t\t\t<input type=\"hidden\" name=\"post_id\" value=\"40\"\/>\n\t\t\t<input type=\"hidden\" name=\"form_id\" value=\"0002c02\"\/>\n\t\t\t<input type=\"hidden\" name=\"referer_title\" value=\"Kontakt\" \/>\n\n\t\t\t\t\t\t\t<input type=\"hidden\" name=\"queried_id\" value=\"40\"\/>\n\t\t\t\n\t\t\t<div class=\"elementor-form-fields-wrapper elementor-labels-above\">\n\t\t\t\t\t\t\t\t<div class=\"elementor-field-type-text elementor-field-group elementor-column elementor-field-group-name elementor-col-100 elementor-field-required\">\n\t\t\t\t\t\t\t\t\t\t\t\t<label for=\"form-field-name\" class=\"elementor-field-label\">\n\t\t\t\t\t\t\t\tFirst Name\t\t\t\t\t\t\t<\/label>\n\t\t\t\t\t\t\t\t\t\t\t\t\t\t<input size=\"1\" type=\"text\" name=\"form_fields[name]\" id=\"form-field-name\" class=\"elementor-field elementor-size-sm  elementor-field-textual\" placeholder=\"First Name\" required=\"required\">\n\t\t\t\t\t\t\t\t\t\t\t<\/div>\n\t\t\t\t\t\t\t\t<div class=\"elementor-field-type-text elementor-field-group elementor-column elementor-field-group-field_202f56e elementor-col-100 elementor-field-required\">\n\t\t\t\t\t\t\t\t\t\t\t\t<label for=\"form-field-field_202f56e\" class=\"elementor-field-label\">\n\t\t\t\t\t\t\t\tLast Name\t\t\t\t\t\t\t<\/label>\n\t\t\t\t\t\t\t\t\t\t\t\t\t\t<input size=\"1\" type=\"text\" name=\"form_fields[field_202f56e]\" id=\"form-field-field_202f56e\" class=\"elementor-field elementor-size-sm  elementor-field-textual\" placeholder=\"Last Name\" required=\"required\">\n\t\t\t\t\t\t\t\t\t\t\t<\/div>\n\t\t\t\t\t\t\t\t<div class=\"elementor-field-type-email elementor-field-group elementor-column elementor-field-group-email elementor-col-100 elementor-field-required\">\n\t\t\t\t\t\t\t\t\t\t\t\t<label for=\"form-field-email\" class=\"elementor-field-label\">\n\t\t\t\t\t\t\t\tEmail\t\t\t\t\t\t\t<\/label>\n\t\t\t\t\t\t\t\t\t\t\t\t\t\t<input size=\"1\" type=\"email\" name=\"form_fields[email]\" id=\"form-field-email\" class=\"elementor-field elementor-size-sm  elementor-field-textual\" placeholder=\"Email\" required=\"required\">\n\t\t\t\t\t\t\t\t\t\t\t<\/div>\n\t\t\t\t\t\t\t\t<div class=\"elementor-field-type-tel elementor-field-group elementor-column elementor-field-group-field_fbe9b88 elementor-col-100 elementor-field-required\">\n\t\t\t\t\t\t\t\t\t\t\t\t<label for=\"form-field-field_fbe9b88\" class=\"elementor-field-label\">\n\t\t\t\t\t\t\t\tPhone number\t\t\t\t\t\t\t<\/label>\n\t\t\t\t\t\t\t\t<input size=\"1\" type=\"tel\" name=\"form_fields[field_fbe9b88]\" id=\"form-field-field_fbe9b88\" class=\"elementor-field elementor-size-sm  elementor-field-textual\" placeholder=\"Phone number\" required=\"required\" pattern=\"[0-9()#&amp;+*-=.]+\" title=\"Only numbers and phone characters (#, -, *, etc) are accepted.\">\n\n\t\t\t\t\t\t<\/div>\n\t\t\t\t\t\t\t\t<div class=\"elementor-field-type-textarea elementor-field-group elementor-column elementor-field-group-message elementor-col-100 elementor-field-required\">\n\t\t\t\t\t\t\t\t\t\t\t\t<label for=\"form-field-message\" class=\"elementor-field-label\">\n\t\t\t\t\t\t\t\tMessage\t\t\t\t\t\t\t<\/label>\n\t\t\t\t\t\t<textarea class=\"elementor-field-textual elementor-field  elementor-size-sm\" name=\"form_fields[message]\" id=\"form-field-message\" rows=\"4\" placeholder=\"Message\" required=\"required\"><\/textarea>\t\t\t\t<\/div>\n\t\t\t\t\t\t\t\t<div class=\"elementor-field-type-recaptcha_v3 elementor-field-group elementor-column elementor-field-group-field_9fe0ef2 elementor-col-100 recaptcha_v3-inline\">\n\t\t\t\t\t<div class=\"elementor-field\" id=\"form-field-field_9fe0ef2\"><div class=\"elementor-g-recaptcha\" data-sitekey=\"6LcW83UqAAAAACtK5cu8GOZinV9EF_CPcKcS4917\" data-type=\"v3\" data-action=\"Form\" data-badge=\"inline\" data-size=\"invisible\"><\/div><\/div>\t\t\t\t<\/div>\n\t\t\t\t\t\t\t\t<div class=\"elementor-field-group elementor-column elementor-field-type-submit elementor-col-100 e-form__buttons\">\n\t\t\t\t\t<button class=\"elementor-button elementor-size-lg\" type=\"submit\">\n\t\t\t\t\t\t<span class=\"elementor-button-content-wrapper\">\n\t\t\t\t\t\t\t\t\t\t\t\t\t\t\t\t\t\t\t\t\t\t<span class=\"elementor-button-text\">Send<\/span>\n\t\t\t\t\t\t\t\t\t\t\t\t\t<\/span>\n\t\t\t\t\t<\/button>\n\t\t\t\t<\/div>\n\t\t\t<\/div>\n\t\t<input type=\"hidden\" name=\"trp-form-language\" value=\"en\"\/><\/form>\n\t\t\t\t\t\t<\/div>\n\t\t\t\t<\/div>\n\t\t            <\/div>\r\n        <\/div>\r\n        \t\t\t<\/div>\n\t\t<\/section>\n\t\t        <section class=\"elementor-section elementor-top-section elementor-element elementor-element-c0f5a99 elementor-section-boxed elementor-section-height-default elementor-section-height-default pxl-row-scroll-none pxl-bg-color-none pxl-section-overlay-none\" data-id=\"c0f5a99\" data-element_type=\"section\">\n\n                \n                <div class=\"elementor-container elementor-column-gap-default\">\n                <div class=\"elementor-column elementor-col-100 elementor-top-column elementor-element elementor-element-b380218 pxl-column-none\" data-id=\"b380218\" data-element_type=\"column\">\r\n        <div class=\"elementor-widget-wrap elementor-element-populated\">\r\n                     \r\n        \t\t<div class=\"elementor-element elementor-element-85fc6d3 elementor-widget elementor-widget-pxl_heading\" data-id=\"85fc6d3\" data-element_type=\"widget\" data-widget_type=\"pxl_heading.default\">\n\t\t\t\t<div class=\"elementor-widget-container\">\n\t\t\t\t\t<div id=\"pxl-pxl_heading-85fc6d3-4925\" class=\"pxl-heading px-sub-title-default-style pxl-section-scroll revesal\">\n\t<div class=\"pxl-heading--inner element-scroll\">\n\t\t\n\t\t\n\t\t<h3 class=\"pxl-item--title\" data-wow-delay=\"ms\">\n\t\t\tsm32 STUDIO\t\t\n\t\t<\/h3>\n\n\t\t\n\t\t\n\t\t\t\t\n\t<\/div>\n<\/div>\t\t\t\t<\/div>\n\t\t\t\t<\/div>\n\t\t            <\/div>\r\n        <\/div>\r\n        \t\t\t<\/div>\n\t\t<\/section>\n\t\t        <section class=\"elementor-section elementor-top-section elementor-element elementor-element-b5e5448 elementor-section-stretched elementor-section-content-bottom elementor-section-boxed elementor-section-height-default elementor-section-height-default pxl-row-scroll-none pxl-bg-color-none pxl-section-overlay-none\" data-id=\"b5e5448\" data-element_type=\"section\" data-settings=\"{&quot;stretch_section&quot;:&quot;section-stretched&quot;}\">\n\n                \n                <div class=\"elementor-container elementor-column-gap-extended\">\n                <div class=\"elementor-column elementor-col-33 elementor-top-column elementor-element elementor-element-0a707bf pxl-column-none\" data-id=\"0a707bf\" data-element_type=\"column\">\r\n        <div class=\"elementor-widget-wrap elementor-element-populated\">\r\n                     \r\n        \t\t<div class=\"elementor-element elementor-element-cc3d609 elementor-widget elementor-widget-pxl_icon_box\" data-id=\"cc3d609\" data-element_type=\"widget\" data-widget_type=\"pxl_icon_box.default\">\n\t\t\t\t<div class=\"elementor-widget-container\">\n\t\t\t\t\t<div class=\"pxl-icon-box pxl-icon-box1 style-1\" data-wow-delay=\"ms\">\r\n    <div class=\"pxl-item--inner\">\r\n        <div class=\"pxl-item-wrap\">\r\n                            <div class=\"pxl-item--icon\">\r\n                    <i aria-hidden=\"true\" class=\"fas fa-phone-alt\"><\/i>                <\/div>\r\n                                    <div class=\"pxl-item--holder\">\r\n                <h5 class=\"pxl-item--title el-empty\">Contact Number<\/h5>\r\n                <div class=\"pxl-item--text\">\r\n                    <a class=\"pxl-link\" href=\"tel:+48334711335\">\r\n                       +48 33 471 13 35                    <\/a>\r\n                <\/div>\r\n            <\/div>\r\n        <\/div>\r\n    <\/div>\r\n<\/div>\t\t\t\t<\/div>\n\t\t\t\t<\/div>\n\t\t            <\/div>\r\n        <\/div>\r\n                <div class=\"elementor-column elementor-col-33 elementor-top-column elementor-element elementor-element-9b61280 pxl-column-none\" data-id=\"9b61280\" data-element_type=\"column\">\r\n        <div class=\"elementor-widget-wrap elementor-element-populated\">\r\n                     \r\n        \t\t<div class=\"elementor-element elementor-element-606fe30 elementor-widget elementor-widget-pxl_icon_box\" data-id=\"606fe30\" data-element_type=\"widget\" data-widget_type=\"pxl_icon_box.default\">\n\t\t\t\t<div class=\"elementor-widget-container\">\n\t\t\t\t\t<div class=\"pxl-icon-box pxl-icon-box1 style-1\" data-wow-delay=\"ms\">\r\n    <div class=\"pxl-item--inner\">\r\n        <div class=\"pxl-item-wrap\">\r\n                            <div class=\"pxl-item--icon\">\r\n                    <i aria-hidden=\"true\" class=\"flaticon flaticon-maps-and-flags\"><\/i>                <\/div>\r\n                                    <div class=\"pxl-item--holder\">\r\n                <h5 class=\"pxl-item--title el-empty\">Location<\/h5>\r\n                <div class=\"pxl-item--text\">\r\n                    <a class=\"pxl-link\" href=\"https:\/\/www.google.com\/search?q=ul.+Jana+III+Sobieskiego+7%2C+34-300%2C+%C5%BBywiec&amp;rlz=1C1FKPE_plPL991PL991&amp;oq=ul.+Jana+III+Sobieskiego+7%2C+34-300%2C+%C5%BBywiec&amp;gs_lcrp=EgZjaHJvbWUqCAgAEEUYJxg7MggIABBFGCcYOzIKCAEQABiABBiiBDIKCAIQABiABBiiBDIKCAMQABiABBiiBDIKCAQQABiABBiiBNIBBzY5OGowajeoAgiwAgE&amp;sourceid=chrome&amp;ie=UTF-8\" target=\"_blank\">\r\n                       ul. Jana III Sobieskiego 7, 34-300 \u017bywiec                    <\/a>\r\n                <\/div>\r\n            <\/div>\r\n        <\/div>\r\n    <\/div>\r\n<\/div>\t\t\t\t<\/div>\n\t\t\t\t<\/div>\n\t\t            <\/div>\r\n        <\/div>\r\n                <div class=\"elementor-column elementor-col-33 elementor-top-column elementor-element elementor-element-6aee839 pxl-column-none\" data-id=\"6aee839\" data-element_type=\"column\">\r\n        <div class=\"elementor-widget-wrap elementor-element-populated\">\r\n                     \r\n        \t\t<div class=\"elementor-element elementor-element-9a965bc elementor-widget elementor-widget-pxl_icon_box\" data-id=\"9a965bc\" data-element_type=\"widget\" data-widget_type=\"pxl_icon_box.default\">\n\t\t\t\t<div class=\"elementor-widget-container\">\n\t\t\t\t\t<div class=\"pxl-icon-box pxl-icon-box1 style-1\" data-wow-delay=\"ms\">\r\n    <div class=\"pxl-item--inner\">\r\n        <div class=\"pxl-item-wrap\">\r\n                            <div class=\"pxl-item--icon\">\r\n                    <i aria-hidden=\"true\" class=\"flaticon flaticon-mail\"><\/i>                <\/div>\r\n                                    <div class=\"pxl-item--holder\">\r\n                <h5 class=\"pxl-item--title el-empty\">Email Address<\/h5>\r\n                <div class=\"pxl-item--text\">\r\n                    <a class=\"pxl-link\" href=\"mailto:sm32@sm32.pl\" target=\"_blank\">\r\n                       sm32@sm32.pl                    <\/a>\r\n                <\/div>\r\n            <\/div>\r\n        <\/div>\r\n    <\/div>\r\n<\/div>\t\t\t\t<\/div>\n\t\t\t\t<\/div>\n\t\t            <\/div>\r\n        <\/div>\r\n        \t\t\t<\/div>\n\t\t<\/section>\n\t\t        <section class=\"elementor-section elementor-top-section elementor-element elementor-element-511cacc elementor-section-boxed elementor-section-height-default elementor-section-height-default pxl-row-scroll-none pxl-bg-color-none pxl-section-overlay-none\" data-id=\"511cacc\" data-element_type=\"section\">\n\n                \n                <div class=\"elementor-container elementor-column-gap-default\">\n                <div class=\"elementor-column elementor-col-100 elementor-top-column elementor-element elementor-element-5b8899d pxl-column-none\" data-id=\"5b8899d\" data-element_type=\"column\">\r\n        <div class=\"elementor-widget-wrap elementor-element-populated\">\r\n                     \r\n        \t\t<div class=\"elementor-element elementor-element-2cdccd3 elementor-widget elementor-widget-google_maps\" data-id=\"2cdccd3\" data-element_type=\"widget\" data-widget_type=\"google_maps.default\">\n\t\t\t\t<div class=\"elementor-widget-container\">\n\t\t\t\t\t\t\t<div class=\"elementor-custom-embed\">\n\t\t\t<iframe loading=\"lazy\"\n\t\t\t\t\tsrc=\"https:\/\/maps.google.com\/maps?q=Jana%20III%20Sobieskiego%207%2C%2034-300%20%C5%BBywiec&#038;t=m&#038;z=16&#038;output=embed&#038;iwloc=near\"\n\t\t\t\t\ttitle=\"Jana III Sobieskiego 7, 34-300 \u017bywiec\"\n\t\t\t\t\taria-label=\"Jana III Sobieskiego 7, 34-300 \u017bywiec\"\n\t\t\t><\/iframe>\n\t\t<\/div>\n\t\t\t\t\t\t<\/div>\n\t\t\t\t<\/div>\n\t\t            <\/div>\r\n        <\/div>\r\n        \t\t\t<\/div>\n\t\t<\/section>\n\t\t\t\t<\/div>","protected":false},"excerpt":{"rendered":"<p>Kontakt Masz pomys\u0142? Skorzystaj z bezp\u0142atnej konsultacji! Social Media Zach\u0119camy do pozostawienia informacji o swojej firmie, pomy\u015ble na projekt oraz rozwi\u0105zaniach, kt\u00f3rych potrzebujesz. Opowiedz nam o swojej wizji i celach, a my z przyjemno\u015bci\u0105 pomo\u017cemy Ci w ich realizacji. Wype\u0142nij formularz poni\u017cej, a nasz zesp\u00f3\u0142 skontaktuje si\u0119 z Tob\u0105 jak najszybciej! sm32 STUDIO Numer Kontaktowy [&hellip;]<\/p>","protected":false},"author":1,"featured_media":0,"parent":0,"menu_order":0,"comment_status":"closed","ping_status":"closed","template":"","meta":{"footnotes":""},"class_list":["post-40","page","type-page","status-publish","hentry"],"_links":{"self":[{"href":"https:\/\/sm32.pl\/en\/wp-json\/wp\/v2\/pages\/40","targetHints":{"allow":["GET"]}}],"collection":[{"href":"https:\/\/sm32.pl\/en\/wp-json\/wp\/v2\/pages"}],"about":[{"href":"https:\/\/sm32.pl\/en\/wp-json\/wp\/v2\/types\/page"}],"author":[{"embeddable":true,"href":"https:\/\/sm32.pl\/en\/wp-json\/wp\/v2\/users\/1"}],"replies":[{"embeddable":true,"href":"https:\/\/sm32.pl\/en\/wp-json\/wp\/v2\/comments?post=40"}],"version-history":[{"count":216,"href":"https:\/\/sm32.pl\/en\/wp-json\/wp\/v2\/pages\/40\/revisions"}],"predecessor-version":[{"id":7207,"href":"https:\/\/sm32.pl\/en\/wp-json\/wp\/v2\/pages\/40\/revisions\/7207"}],"wp:attachment":[{"href":"https:\/\/sm32.pl\/en\/wp-json\/wp\/v2\/media?parent=40"}],"curies":[{"name":"wp","href":"https:\/\/api.w.org\/{rel}","templated":true}]}}