{"id":4298,"date":"2024-10-30T14:03:36","date_gmt":"2024-10-30T13:03:36","guid":{"rendered":"https:\/\/sm32.pl\/?page_id=4298"},"modified":"2025-09-05T09:59:36","modified_gmt":"2025-09-05T07:59:36","slug":"praca","status":"publish","type":"page","link":"https:\/\/sm32.pl\/en\/praca\/","title":{"rendered":"Careers"},"content":{"rendered":"<div data-elementor-type=\"wp-page\" data-elementor-id=\"4298\" class=\"elementor elementor-4298\" data-elementor-post-type=\"page\">\n\t\t\t\t        <section class=\"elementor-section elementor-top-section elementor-element elementor-element-b5a6ea2 elementor-section-stretched elementor-section-full_width elementor-section-height-default elementor-section-height-default pxl-row-scroll-none pxl-full-content-with-space-none pxl-bg-color-none pxl-section-overlay-none\" data-id=\"b5a6ea2\" data-element_type=\"section\" data-settings=\"{&quot;stretch_section&quot;:&quot;section-stretched&quot;,&quot;background_background&quot;:&quot;classic&quot;}\">\n\n                \n                <div class=\"elementor-container elementor-column-gap-extended\">\n                <div class=\"elementor-column elementor-col-100 elementor-top-column elementor-element elementor-element-e0b7232 pxl-column-none\" data-id=\"e0b7232\" data-element_type=\"column\">\r\n        <div class=\"elementor-widget-wrap elementor-element-populated\">\r\n                     \r\n        \t\t<div class=\"elementor-element elementor-element-756f204 elementor-widget__width-auto elementor-absolute elementor-hidden-mobile_extra elementor-hidden-mobile elementor-widget elementor-widget-pxl_image\" data-id=\"756f204\" data-element_type=\"widget\" data-settings=\"{&quot;_position&quot;:&quot;absolute&quot;}\" data-widget_type=\"pxl_image.default\">\n\t\t\t\t<div class=\"elementor-widget-container\">\n\t\t\t\t\t<div id=\"pxl_image-756f204-3667\" class=\"pxl-image-single slide-top-to-bottom style-default\" data-wow-delay=\"ms\" >\r\n    <div class=\"pxl-item--inner\" data-wow-delay=\"120ms\">\r\n        \r\n                                <div class=\"pxl-item--image\" data-parallax-value=\"\">\r\n                                                    <img decoding=\"async\" width=\"96\" height=\"275\" src=\"https:\/\/sm32.pl\/wp-content\/uploads\/2023\/09\/shape2.png\" class=\"no-lazyload attachment-full\" alt=\"sm32 studio\" \/>                                            <\/div>\r\n                            \r\n            <\/div>\r\n<\/div>\t\t\t\t<\/div>\n\t\t\t\t<\/div>\n\t\t        <section class=\"elementor-section elementor-inner-section elementor-element elementor-element-4c0487b elementor-section-boxed elementor-section-height-default elementor-section-height-default pxl-row-scroll-none pxl-bg-color-none pxl-section-overlay-none\" data-id=\"4c0487b\" data-element_type=\"section\">\n\n                \n                <div class=\"elementor-container elementor-column-gap-extended\">\n                <div class=\"elementor-column elementor-col-50 elementor-inner-column elementor-element elementor-element-b2fab31 pxl-column-none\" data-id=\"b2fab31\" data-element_type=\"column\">\r\n        <div class=\"elementor-widget-wrap elementor-element-populated\">\r\n                     \r\n        \t\t<div class=\"elementor-element elementor-element-e59a263 elementor-widget elementor-widget-pxl_heading\" data-id=\"e59a263\" data-element_type=\"widget\" data-widget_type=\"pxl_heading.default\">\n\t\t\t\t<div class=\"elementor-widget-container\">\n\t\t\t\t\t<div id=\"pxl-pxl_heading-e59a263-1487\" class=\"pxl-heading px-page-title-style\">\n\t<div class=\"pxl-heading--inner\">\n\t\t\n\t\t\n\t\t<h1 class=\"pxl-item--title\" data-wow-delay=\"ms\">\n\t\t\tCareers\t\t\n\t\t<\/h1>\n\n\t\t\n\t\t\n\t\t\t\t\n\t<\/div>\n<\/div>\t\t\t\t<\/div>\n\t\t\t\t<\/div>\n\t\t\t\t<div class=\"elementor-element elementor-element-bbbe35d elementor-widget elementor-widget-pxl_text_editor\" data-id=\"bbbe35d\" data-element_type=\"widget\" data-widget_type=\"pxl_text_editor.default\">\n\t\t\t\t<div class=\"elementor-widget-container\">\n\t\t\t\t\t<div class=\"pxl-text-editor\">\n\t<div class=\"pxl-item--inner\" data-wow-delay=\"ms\">\n\t\t\t\t\n\t<\/div>\n<\/div>\t\t\t\t<\/div>\n\t\t\t\t<\/div>\n\t\t            <\/div>\r\n        <\/div>\r\n                <div class=\"elementor-column elementor-col-50 elementor-inner-column elementor-element elementor-element-42abe83 pxl-column-none\" data-id=\"42abe83\" data-element_type=\"column\">\r\n        <div class=\"elementor-widget-wrap elementor-element-populated\">\r\n                     \r\n        \t\t<div class=\"elementor-element elementor-element-510ddd5 elementor-widget__width-auto elementor-absolute elementor-hidden-mobile_extra elementor-hidden-mobile elementor-widget elementor-widget-pxl_image\" data-id=\"510ddd5\" data-element_type=\"widget\" data-settings=\"{&quot;_position&quot;:&quot;absolute&quot;}\" data-widget_type=\"pxl_image.default\">\n\t\t\t\t<div class=\"elementor-widget-container\">\n\t\t\t\t\t<div id=\"pxl_image-510ddd5-4514\" class=\"pxl-image-single pxl-image-parallax style-default wow zoomOut\" data-wow-delay=\"ms\" >\r\n    <div class=\"pxl-item--inner\" data-wow-delay=\"120ms\">\r\n        \r\n                                <div class=\"pxl-item--image\" data-parallax-value=\"20\">\r\n                                                    <img decoding=\"async\" width=\"90\" height=\"90\" src=\"https:\/\/sm32.pl\/wp-content\/uploads\/2023\/09\/img-shape2.png\" class=\"no-lazyload attachment-full\" alt=\"sm32 studio\" \/>                                            <\/div>\r\n                            \r\n            <\/div>\r\n<\/div>\t\t\t\t<\/div>\n\t\t\t\t<\/div>\n\t\t\t\t<div class=\"elementor-element elementor-element-3febc45 elementor-hidden-mobile elementor-widget__width-auto elementor-widget elementor-widget-pxl_banner\" data-id=\"3febc45\" data-element_type=\"widget\" data-widget_type=\"pxl_banner.default\">\n\t\t\t\t<div class=\"elementor-widget-container\">\n\t\t\t\t\t<div class=\"pxl-banner pxl-banner1\">\r\n\t<div class=\"pxl-box-inner\" data-wow-delay=\"ms\">\r\n\t\t\t\t\t<div class=\"pxl-item--imgprimary\">\r\n\t\t\t\t<img fetchpriority=\"high\" decoding=\"async\" class=\"\" src=\"https:\/\/sm32.pl\/wp-content\/uploads\/2024\/11\/praca-scaled-600x470.webp\" width=\"600\" height=\"470\" alt=\"praca\" title=\"praca\" \/>\t\t\t<\/div>\r\n\t\t\t<\/div>\r\n<\/div>\t\t\t\t<\/div>\n\t\t\t\t<\/div>\n\t\t            <\/div>\r\n        <\/div>\r\n        \t\t\t<\/div>\n\t\t<\/section>\n\t\t            <\/div>\r\n        <\/div>\r\n        \t\t\t<\/div>\n\t\t<\/section>\n\t\t        <section class=\"elementor-section elementor-top-section elementor-element elementor-element-a9bc1a5 elementor-section-boxed elementor-section-height-default elementor-section-height-default pxl-row-scroll-none pxl-bg-color-none pxl-section-overlay-none\" data-id=\"a9bc1a5\" data-element_type=\"section\">\n\n                \n                <div class=\"elementor-container elementor-column-gap-default\">\n                <div class=\"elementor-column elementor-col-100 elementor-top-column elementor-element elementor-element-f23ee79 pxl-column-none\" data-id=\"f23ee79\" data-element_type=\"column\">\r\n        <div class=\"elementor-widget-wrap elementor-element-populated\">\r\n                     \r\n        \t\t<div class=\"elementor-element elementor-element-9bb2962 elementor-widget elementor-widget-heading\" data-id=\"9bb2962\" data-element_type=\"widget\" data-widget_type=\"heading.default\">\n\t\t\t\t<div class=\"elementor-widget-container\">\n\t\t\t\t\t<h2 class=\"elementor-heading-title elementor-size-default\">We Are Looking for the Best<\/h2>\t\t\t\t<\/div>\n\t\t\t\t<\/div>\n\t\t            <\/div>\r\n        <\/div>\r\n        \t\t\t<\/div>\n\t\t<\/section>\n\t\t        <section class=\"elementor-section elementor-top-section elementor-element elementor-element-e1b4e46 elementor-section-boxed elementor-section-height-default elementor-section-height-default pxl-row-scroll-none pxl-bg-color-none pxl-section-overlay-none\" data-id=\"e1b4e46\" data-element_type=\"section\">\n\n                \n                <div class=\"elementor-container elementor-column-gap-default\">\n                <div class=\"elementor-column elementor-col-100 elementor-top-column elementor-element elementor-element-0693d60 pxl-column-none\" data-id=\"0693d60\" data-element_type=\"column\">\r\n        <div class=\"elementor-widget-wrap elementor-element-populated\">\r\n                     \r\n        \t\t<div class=\"elementor-element elementor-element-e4e2498 elementor-widget__width-initial elementor-widget elementor-widget-text-editor\" data-id=\"e4e2498\" data-element_type=\"widget\" data-widget_type=\"text-editor.default\">\n\t\t\t\t<div class=\"elementor-widget-container\">\n\t\t\t\t\t\t\t\t\t<p>sm32 marketing agency is a team of over 20 IT specialists who help others bring their ideas to life. We love what we do and the way we do it. sm32 is a place where personal and professional growth come first. We help talented individuals take on challenges and reach new heights.<\/p>\t\t\t\t\t\t\t\t<\/div>\n\t\t\t\t<\/div>\n\t\t            <\/div>\r\n        <\/div>\r\n        \t\t\t<\/div>\n\t\t<\/section>\n\t\t        <section class=\"elementor-section elementor-top-section elementor-element elementor-element-b7dc765 elementor-section-boxed elementor-section-height-default elementor-section-height-default pxl-row-scroll-none pxl-bg-color-none pxl-section-overlay-none\" data-id=\"b7dc765\" data-element_type=\"section\">\n\n                \n                <div class=\"elementor-container elementor-column-gap-default\">\n                <div class=\"elementor-column elementor-col-100 elementor-top-column elementor-element elementor-element-825e870 pxl-column-none\" data-id=\"825e870\" data-element_type=\"column\">\r\n        <div class=\"elementor-widget-wrap elementor-element-populated\">\r\n                     \r\n        \t\t<div class=\"elementor-element elementor-element-215cc00 elementor-widget elementor-widget-image\" data-id=\"215cc00\" data-element_type=\"widget\" data-widget_type=\"image.default\">\n\t\t\t\t<div class=\"elementor-widget-container\">\n\t\t\t\t\t\t\t\t\t\t\t\t\t\t\t<img loading=\"lazy\" decoding=\"async\" width=\"1024\" height=\"422\" src=\"https:\/\/sm32.pl\/wp-content\/uploads\/2023\/11\/video-1-1024x422.jpg\" class=\"attachment-large size-large wp-image-2659\" alt=\"sm32 studio\" srcset=\"https:\/\/sm32.pl\/wp-content\/uploads\/2023\/11\/video-1-1024x422.jpg 1024w, https:\/\/sm32.pl\/wp-content\/uploads\/2023\/11\/video-1-600x247.jpg 600w, https:\/\/sm32.pl\/wp-content\/uploads\/2023\/11\/video-1-300x123.jpg 300w, https:\/\/sm32.pl\/wp-content\/uploads\/2023\/11\/video-1-768x316.jpg 768w, https:\/\/sm32.pl\/wp-content\/uploads\/2023\/11\/video-1-1200x494.jpg 1200w, https:\/\/sm32.pl\/wp-content\/uploads\/2023\/11\/video-1.jpg 1290w\" sizes=\"(max-width: 1024px) 100vw, 1024px\" \/>\t\t\t\t\t\t\t\t\t\t\t\t\t\t\t<\/div>\n\t\t\t\t<\/div>\n\t\t            <\/div>\r\n        <\/div>\r\n        \t\t\t<\/div>\n\t\t<\/section>\n\t\t        <section class=\"elementor-section elementor-top-section elementor-element elementor-element-18c0acd elementor-section-boxed elementor-section-height-default elementor-section-height-default pxl-row-scroll-none pxl-bg-color-none pxl-section-overlay-none\" data-id=\"18c0acd\" data-element_type=\"section\">\n\n                \n                <div class=\"elementor-container elementor-column-gap-default\">\n                <div class=\"elementor-column elementor-col-100 elementor-top-column elementor-element elementor-element-b8986ab pxl-column-none\" data-id=\"b8986ab\" data-element_type=\"column\">\r\n        <div class=\"elementor-widget-wrap elementor-element-populated\">\r\n                     \r\n        \t\t<div class=\"elementor-element elementor-element-784e03d elementor-widget elementor-widget-heading\" data-id=\"784e03d\" data-element_type=\"widget\" data-widget_type=\"heading.default\">\n\t\t\t\t<div class=\"elementor-widget-container\">\n\t\t\t\t\t<h2 class=\"elementor-heading-title elementor-size-default\">Open Positions<\/h2>\t\t\t\t<\/div>\n\t\t\t\t<\/div>\n\t\t\t\t<div class=\"elementor-element elementor-element-d126e6e elementor-widget elementor-widget-pxl_heading\" data-id=\"d126e6e\" data-element_type=\"widget\" data-widget_type=\"pxl_heading.default\">\n\t\t\t\t<div class=\"elementor-widget-container\">\n\t\t\t\t\t<div id=\"pxl-pxl_heading-d126e6e-5695\" class=\"pxl-heading px-sub-title-default-style pxl-section-scroll revesal\">\n\t<div class=\"pxl-heading--inner element-scroll\">\n\t\t\n\t\t\n\t\t<h3 class=\"pxl-item--title\" data-wow-delay=\"ms\">\n\t\t\tsm32 STUDIO\t\t\n\t\t<\/h3>\n\n\t\t\n\t\t\n\t\t\t\t\n\t<\/div>\n<\/div>\t\t\t\t<\/div>\n\t\t\t\t<\/div>\n\t\t            <\/div>\r\n        <\/div>\r\n        \t\t\t<\/div>\n\t\t<\/section>\n\t\t        <section class=\"elementor-section elementor-top-section elementor-element elementor-element-940e8d0 elementor-section-boxed elementor-section-height-default elementor-section-height-default pxl-row-scroll-none pxl-bg-color-none pxl-section-overlay-none\" data-id=\"940e8d0\" data-element_type=\"section\">\n\n                \n                <div class=\"elementor-container elementor-column-gap-default\">\n                <div class=\"elementor-column elementor-col-100 elementor-top-column elementor-element elementor-element-fe9aab1 pxl-column-none\" data-id=\"fe9aab1\" data-element_type=\"column\">\r\n        <div class=\"elementor-widget-wrap elementor-element-populated\">\r\n                     \r\n        \t\t<div class=\"elementor-element elementor-element-15617fd elementor-widget__width-initial elementor-widget elementor-widget-text-editor\" data-id=\"15617fd\" data-element_type=\"widget\" data-widget_type=\"text-editor.default\">\n\t\t\t\t<div class=\"elementor-widget-container\">\n\t\t\t\t\t\t\t\t\t<p>We offer opportunities, not just jobs. The opportunity to do what you love. Don't see the right position for you? Send us your resume (rekrutacja@sm32.pl). We are always welcoming creative thinkers and great collaborators to join our team.<\/p>\t\t\t\t\t\t\t\t<\/div>\n\t\t\t\t<\/div>\n\t\t\t\t<div class=\"elementor-element elementor-element-225a0cc elementor-widget-divider--view-line elementor-widget elementor-widget-divider\" data-id=\"225a0cc\" data-element_type=\"widget\" data-widget_type=\"divider.default\">\n\t\t\t\t<div class=\"elementor-widget-container\">\n\t\t\t\t\t\t\t<div class=\"elementor-divider\">\n\t\t\t<span class=\"elementor-divider-separator\">\n\t\t\t\t\t\t<\/span>\n\t\t<\/div>\n\t\t\t\t\t\t<\/div>\n\t\t\t\t<\/div>\n\t\t\t\t<div class=\"elementor-element elementor-element-2400eb6 elementor-widget__width-initial elementor-widget elementor-widget-text-editor\" data-id=\"2400eb6\" data-element_type=\"widget\" data-widget_type=\"text-editor.default\">\n\t\t\t\t<div class=\"elementor-widget-container\">\n\t\t\t\t\t\t\t\t\t<p><b>Szukamy Specjalisty ds. New Business \/ Lead Generation do bran\u017cy IT!<\/b>\u00a0\ud83d\ude80<\/p>\t\t\t\t\t\t\t\t<\/div>\n\t\t\t\t<\/div>\n\t\t\t\t<div class=\"elementor-element elementor-element-558f8d1 elementor-widget elementor-widget-text-editor\" data-id=\"558f8d1\" data-element_type=\"widget\" data-widget_type=\"text-editor.default\">\n\t\t\t\t<div class=\"elementor-widget-container\">\n\t\t\t\t\t\t\t\t\t<div>Masz do\u015bwiadczenie w B2B, umiesz generowa\u0107 <b>kwalifikowane leady<\/b>\u00a0i prowadzi\u0107\u00a0<b>cold mailing<\/b>? Chcesz pracowa\u0107 zdalnie i mie\u0107 realny wp\u0142yw na swoje zarobki?<\/div><div><p>Jako\u00a0<b>agencja interaktywna sm32 STUDIO<\/b>\u00a0z ponad 15-letnim do\u015bwiadczeniem w tworzeniu rozwi\u0105za\u0144 www dla firm i instytucji publicznych, szukamy osoby, kt\u00f3ra wesprze nas w pozyskiwaniu nowych klient\u00f3w.<\/p><p><b>Oferujemy:<\/b><\/p><p>\u2705 Atrakcyjny model rozliczenia:\u00a0<b>rycza\u0142t + prowizja<\/b>\u00a0po 2-miesi\u0119cznym okresie pr\u00f3bnym.<\/p><p>\u2705 Jasno okre\u015blone cele i profil idealnego klienta (JST, M\u015aP).<\/p><p>\u2705 Wsparcie narz\u0119dziowe (dost\u0119p do <b>CRM ClickUp<\/b>\u00a0i baz danych).<\/p><p>\u2705 P\u0142atno\u015bci miesi\u0119czne, na podstawie raportu.<\/p><p>Szczeg\u00f3\u0142owy opis wsp\u00f3\u0142pracy wysy\u0142amy zainteresowanym. Je\u015bli czujesz, \u017ce to co\u015b dla Ciebie, wy\u015blij nam wiadomo\u015b\u0107 na\u00a0<a class=\"mailto-link\" href=\"mailto:rekrutacja@sm32.pl\" target=\"_blank\" rel=\"noopener\">rekrutacja@sm32.pl<\/a>! Mo\u017cesz te\u017c zadzwoni\u0107 na 504 601 432.<\/p><\/div>\t\t\t\t\t\t\t\t<\/div>\n\t\t\t\t<\/div>\n\t\t            <\/div>\r\n        <\/div>\r\n        \t\t\t<\/div>\n\t\t<\/section>\n\t\t        <section class=\"elementor-section elementor-top-section elementor-element elementor-element-7d114ce elementor-section-boxed elementor-section-height-default elementor-section-height-default pxl-row-scroll-none pxl-bg-color-none pxl-section-overlay-none\" data-id=\"7d114ce\" data-element_type=\"section\">\n\n                \n                <div class=\"elementor-container elementor-column-gap-default\">\n                <div class=\"elementor-column elementor-col-100 elementor-top-column elementor-element elementor-element-e109db7 pxl-column-none\" data-id=\"e109db7\" data-element_type=\"column\">\r\n        <div class=\"elementor-widget-wrap elementor-element-populated\">\r\n                     \r\n                    <\/div>\r\n        <\/div>\r\n        \t\t\t<\/div>\n\t\t<\/section>\n\t\t        <section class=\"elementor-section elementor-top-section elementor-element elementor-element-ebe1e40 elementor-section-boxed elementor-section-height-default elementor-section-height-default pxl-row-scroll-none pxl-bg-color-none pxl-section-overlay-none\" data-id=\"ebe1e40\" data-element_type=\"section\">\n\n                \n                <div class=\"elementor-container elementor-column-gap-default\">\n                <div class=\"elementor-column elementor-col-25 elementor-top-column elementor-element elementor-element-f25c5df pxl-column-none\" data-id=\"f25c5df\" data-element_type=\"column\">\r\n        <div class=\"elementor-widget-wrap elementor-element-populated\">\r\n                     \r\n        \t\t<div class=\"elementor-element elementor-element-527a31d elementor-widget__width-initial elementor-view-default elementor-widget elementor-widget-icon\" data-id=\"527a31d\" data-element_type=\"widget\" data-widget_type=\"icon.default\">\n\t\t\t\t<div class=\"elementor-widget-container\">\n\t\t\t\t\t\t\t<div class=\"elementor-icon-wrapper\">\n\t\t\t<div class=\"elementor-icon\">\n\t\t\t<i aria-hidden=\"true\" class=\"far fa-stars\"><\/i>\t\t\t<\/div>\n\t\t<\/div>\n\t\t\t\t\t\t<\/div>\n\t\t\t\t<\/div>\n\t\t\t\t<div class=\"elementor-element elementor-element-2515dd9 elementor-widget__width-initial elementor-widget elementor-widget-text-editor\" data-id=\"2515dd9\" data-element_type=\"widget\" data-widget_type=\"text-editor.default\">\n\t\t\t\t<div class=\"elementor-widget-container\">\n\t\t\t\t\t\t\t\t\t<p>New day \u2013 new opportunities<\/p>\t\t\t\t\t\t\t\t<\/div>\n\t\t\t\t<\/div>\n\t\t\t\t<div class=\"elementor-element elementor-element-eb8c887 elementor-widget elementor-widget-text-editor\" data-id=\"eb8c887\" data-element_type=\"widget\" data-widget_type=\"text-editor.default\">\n\t\t\t\t<div class=\"elementor-widget-container\">\n\t\t\t\t\t\t\t\t\t<p>Every new day is a new step.<br \/>We are proud of what we\u2019ve achieved,<br \/>but we don\u2019t stop and continue to search<br \/>for new peaks to conquer.<\/p>\t\t\t\t\t\t\t\t<\/div>\n\t\t\t\t<\/div>\n\t\t            <\/div>\r\n        <\/div>\r\n                <div class=\"elementor-column elementor-col-25 elementor-top-column elementor-element elementor-element-2af1eda pxl-column-none\" data-id=\"2af1eda\" data-element_type=\"column\">\r\n        <div class=\"elementor-widget-wrap elementor-element-populated\">\r\n                     \r\n        \t\t<div class=\"elementor-element elementor-element-6602a1b elementor-widget__width-initial elementor-view-default elementor-widget elementor-widget-icon\" data-id=\"6602a1b\" data-element_type=\"widget\" data-widget_type=\"icon.default\">\n\t\t\t\t<div class=\"elementor-widget-container\">\n\t\t\t\t\t\t\t<div class=\"elementor-icon-wrapper\">\n\t\t\t<div class=\"elementor-icon\">\n\t\t\t<i aria-hidden=\"true\" class=\"fal fa-lightbulb-on\"><\/i>\t\t\t<\/div>\n\t\t<\/div>\n\t\t\t\t\t\t<\/div>\n\t\t\t\t<\/div>\n\t\t\t\t<div class=\"elementor-element elementor-element-cd5d709 elementor-widget__width-initial elementor-widget elementor-widget-text-editor\" data-id=\"cd5d709\" data-element_type=\"widget\" data-widget_type=\"text-editor.default\">\n\t\t\t\t<div class=\"elementor-widget-container\">\n\t\t\t\t\t\t\t\t\t<p>No limits<\/p>\t\t\t\t\t\t\t\t<\/div>\n\t\t\t\t<\/div>\n\t\t\t\t<div class=\"elementor-element elementor-element-761d730 elementor-widget elementor-widget-text-editor\" data-id=\"761d730\" data-element_type=\"widget\" data-widget_type=\"text-editor.default\">\n\t\t\t\t<div class=\"elementor-widget-container\">\n\t\t\t\t\t\t\t\t\t<p>No matter how impossible<br>your idea may seem \u2013 we are<br>ready to make it a reality.<br>We develop products across the country.<\/p>\t\t\t\t\t\t\t\t<\/div>\n\t\t\t\t<\/div>\n\t\t            <\/div>\r\n        <\/div>\r\n                <div class=\"elementor-column elementor-col-25 elementor-top-column elementor-element elementor-element-79c732d pxl-column-none\" data-id=\"79c732d\" data-element_type=\"column\">\r\n        <div class=\"elementor-widget-wrap elementor-element-populated\">\r\n                     \r\n        \t\t<div class=\"elementor-element elementor-element-318a2f7 elementor-widget__width-initial elementor-view-default elementor-widget elementor-widget-icon\" data-id=\"318a2f7\" data-element_type=\"widget\" data-widget_type=\"icon.default\">\n\t\t\t\t<div class=\"elementor-widget-container\">\n\t\t\t\t\t\t\t<div class=\"elementor-icon-wrapper\">\n\t\t\t<div class=\"elementor-icon\">\n\t\t\t<i aria-hidden=\"true\" class=\"fal fa-users\"><\/i>\t\t\t<\/div>\n\t\t<\/div>\n\t\t\t\t\t\t<\/div>\n\t\t\t\t<\/div>\n\t\t\t\t<div class=\"elementor-element elementor-element-45e3b9e elementor-widget__width-initial elementor-widget elementor-widget-text-editor\" data-id=\"45e3b9e\" data-element_type=\"widget\" data-widget_type=\"text-editor.default\">\n\t\t\t\t<div class=\"elementor-widget-container\">\n\t\t\t\t\t\t\t\t\t<p>People are our value<\/p>\t\t\t\t\t\t\t\t<\/div>\n\t\t\t\t<\/div>\n\t\t\t\t<div class=\"elementor-element elementor-element-a6e63b8 elementor-widget elementor-widget-text-editor\" data-id=\"a6e63b8\" data-element_type=\"widget\" data-widget_type=\"text-editor.default\">\n\t\t\t\t<div class=\"elementor-widget-container\">\n\t\t\t\t\t\t\t\t\t<p>We care for every employee and foster team spirit. The achievements of everyone directly impact the success of the company.<\/p>\t\t\t\t\t\t\t\t<\/div>\n\t\t\t\t<\/div>\n\t\t            <\/div>\r\n        <\/div>\r\n                <div class=\"elementor-column elementor-col-25 elementor-top-column elementor-element elementor-element-3b00c68 pxl-column-none\" data-id=\"3b00c68\" data-element_type=\"column\">\r\n        <div class=\"elementor-widget-wrap elementor-element-populated\">\r\n                     \r\n        \t\t<div class=\"elementor-element elementor-element-9fc6ba1 elementor-widget__width-initial elementor-view-default elementor-widget elementor-widget-icon\" data-id=\"9fc6ba1\" data-element_type=\"widget\" data-widget_type=\"icon.default\">\n\t\t\t\t<div class=\"elementor-widget-container\">\n\t\t\t\t\t\t\t<div class=\"elementor-icon-wrapper\">\n\t\t\t<div class=\"elementor-icon\">\n\t\t\t<i aria-hidden=\"true\" class=\"far fa-planet-moon\"><\/i>\t\t\t<\/div>\n\t\t<\/div>\n\t\t\t\t\t\t<\/div>\n\t\t\t\t<\/div>\n\t\t\t\t<div class=\"elementor-element elementor-element-bdb4f78 elementor-widget__width-initial elementor-widget elementor-widget-text-editor\" data-id=\"bdb4f78\" data-element_type=\"widget\" data-widget_type=\"text-editor.default\">\n\t\t\t\t<div class=\"elementor-widget-container\">\n\t\t\t\t\t\t\t\t\t<p>\u00a0Co-creating the world<\/p>\t\t\t\t\t\t\t\t<\/div>\n\t\t\t\t<\/div>\n\t\t\t\t<div class=\"elementor-element elementor-element-b664c0c elementor-widget elementor-widget-text-editor\" data-id=\"b664c0c\" data-element_type=\"widget\" data-widget_type=\"text-editor.default\">\n\t\t\t\t<div class=\"elementor-widget-container\">\n\t\t\t\t\t\t\t\t\t<p>We focus on the needs of our clients and their customers, striving to make the world better through high-quality, valuable projects.<\/p>\t\t\t\t\t\t\t\t<\/div>\n\t\t\t\t<\/div>\n\t\t            <\/div>\r\n        <\/div>\r\n        \t\t\t<\/div>\n\t\t<\/section>\n\t\t\t\t<\/div>","protected":false},"excerpt":{"rendered":"<p>Praca Szukamy Najlepszych Agencja marketingowa sm32 to zesp\u00f3\u0142 ponad 20 specjalist\u00f3w w bran\u017cy IT, kt\u00f3rzy pomagaj\u0105 innym urzeczywistni\u0107 swoje pomys\u0142y. Kochamy to, co robimy i spos\u00f3b, w jaki to robimy. sm32 to miejsce, w kt\u00f3rym rozw\u00f3j osobisty i zawodowy jest na pierwszym miejscu. Pomagamy talentom w podejmowaniu wyzwa\u0144 i osi\u0105gni\u0119ciu nowych wy\u017cyn. Otwarte Stanowiska sm32 [&hellip;]<\/p>","protected":false},"author":1,"featured_media":0,"parent":0,"menu_order":0,"comment_status":"closed","ping_status":"closed","template":"","meta":{"footnotes":""},"class_list":["post-4298","page","type-page","status-publish","hentry"],"_links":{"self":[{"href":"https:\/\/sm32.pl\/en\/wp-json\/wp\/v2\/pages\/4298","targetHints":{"allow":["GET"]}}],"collection":[{"href":"https:\/\/sm32.pl\/en\/wp-json\/wp\/v2\/pages"}],"about":[{"href":"https:\/\/sm32.pl\/en\/wp-json\/wp\/v2\/types\/page"}],"author":[{"embeddable":true,"href":"https:\/\/sm32.pl\/en\/wp-json\/wp\/v2\/users\/1"}],"replies":[{"embeddable":true,"href":"https:\/\/sm32.pl\/en\/wp-json\/wp\/v2\/comments?post=4298"}],"version-history":[{"count":85,"href":"https:\/\/sm32.pl\/en\/wp-json\/wp\/v2\/pages\/4298\/revisions"}],"predecessor-version":[{"id":7248,"href":"https:\/\/sm32.pl\/en\/wp-json\/wp\/v2\/pages\/4298\/revisions\/7248"}],"wp:attachment":[{"href":"https:\/\/sm32.pl\/en\/wp-json\/wp\/v2\/media?parent=4298"}],"curies":[{"name":"wp","href":"https:\/\/api.w.org\/{rel}","templated":true}]}}